{"id":121503,"date":"2023-10-04T11:23:44","date_gmt":"2023-10-04T11:23:44","guid":{"rendered":"https:\/\/evatorrents.com\/declaracion-de-accessibilidad\/"},"modified":"2023-10-04T11:23:44","modified_gmt":"2023-10-04T11:23:44","slug":"declaracion-de-accessibilidad","status":"publish","type":"page","link":"https:\/\/evatorrents.com\/es\/declaracion-de-accessibilidad\/","title":{"rendered":"Declaraci\u00f3n de accessibilidad"},"content":{"rendered":"<div class=\"wpb-content-wrapper\"><p>[vc_row][vc_column][vc_column_text uncode_shortcode_id=\u00bb112012&#8243;]D\u00cdVIK COMUNICACI\u00d3 I MARQUETING ttiene como compromiso crear y publicar webs con dise\u00f1o universal y contenidos accesibles para el mayor n\u00famero posible de usuarios y usuarias y acercar, as\u00ed, la comunicaci\u00f3n municipal y el uso de las nuevas tecnolog\u00edas a la ciudadan\u00eda.<\/p>\n<p>Para realizar este objetivo, aplica la normativa est\u00e1ndar WAI (Web Accessibility Initiative) adoptada por la Uni\u00f3n Europea. La finalidad es que la mayor\u00eda de webs de www.gonclovil.com cumplan las pautas de accesibilidad de nivel AA definidas por las normas WAI (WCAG 2.1).<\/p>\n<p>Esto significa que tanto una persona con alg\u00fan tipo de discapacidad como cualquier otra que se encuentre en una circunstancia que dificulte el acceso a la informaci\u00f3n de la p\u00e1gina web podr\u00e1 acceder a los contenidos con \u00e9xito.<\/p>\n<p>D\u00cdVIK COMUNICACI\u00d3 I MARQUETING, se ha comprometido a hacer accesibles sus webs de conformidad con el <a href=\"https:\/\/www.boe.es\/boe_catalan\/dias\/2018\/09\/19\/pdfs\/BOE-A-2018-12699-C.pdf\" target=\"_blank\" rel=\"noopener\">(en adelante, Real Decreto 1112\/2018, de 7 de septiembre). La mayor\u00eda de las webs de la instituci\u00f3n son parcialmente conformes con la legislaci\u00f3n vigente y se trabaja a diario para alcanzar niveles \u00f3ptimos de accesibilidad.<\/a><\/p>\n<p>La evoluci\u00f3n de las nuevas tecnolog\u00edas de la informaci\u00f3n, tanto en formato web como en formato multidispositivo, permite que los contenidos ofrecidos a trav\u00e9s de Internet sean cada vez m\u00e1s accesibles. D\u00cdVIK COMUNICACI\u00d3 I MARQUETING, en l\u00ednea con el compromiso adquirido con la accesibilidad universal, ha considerado que la divulgaci\u00f3n de la informaci\u00f3n sobre la accesibilidad web y de multidispositivo es un servicio importante para aquellos usuarios y aquellas usuarias que necesiten una gu\u00eda para acceder sin dificultad en la web de <a href=\"https:\/\/evatorrents.com\/\">www.evatorrents.com<\/a> y por este motivo pone a disposici\u00f3n este sitio web con recursos que faciliten la navegaci\u00f3n para todas las personas.[\/vc_column_text][\/vc_column][\/vc_row]<\/p>\n<\/div>","protected":false},"excerpt":{"rendered":"<p>[vc_row][vc_column][vc_column_text uncode_shortcode_id=\u00bb112012&#8243;]D\u00cdVIK COMUNICACI\u00d3 I MARQUETING ttiene como compromiso crear y publicar webs con dise\u00f1o universal y contenidos accesibles para el [&hellip;]<\/p>\n","protected":false},"author":1,"featured_media":0,"parent":0,"menu_order":0,"comment_status":"closed","ping_status":"open","template":"","meta":{"_monsterinsights_skip_tracking":false,"_monsterinsights_sitenote_active":false,"_monsterinsights_sitenote_note":"","_monsterinsights_sitenote_category":0,"footnotes":""},"class_list":["post-121503","page","type-page","status-publish","hentry"],"aioseo_notices":[],"_links":{"self":[{"href":"https:\/\/evatorrents.com\/es\/wp-json\/wp\/v2\/pages\/121503","targetHints":{"allow":["GET"]}}],"collection":[{"href":"https:\/\/evatorrents.com\/es\/wp-json\/wp\/v2\/pages"}],"about":[{"href":"https:\/\/evatorrents.com\/es\/wp-json\/wp\/v2\/types\/page"}],"author":[{"embeddable":true,"href":"https:\/\/evatorrents.com\/es\/wp-json\/wp\/v2\/users\/1"}],"replies":[{"embeddable":true,"href":"https:\/\/evatorrents.com\/es\/wp-json\/wp\/v2\/comments?post=121503"}],"version-history":[{"count":0,"href":"https:\/\/evatorrents.com\/es\/wp-json\/wp\/v2\/pages\/121503\/revisions"}],"wp:attachment":[{"href":"https:\/\/evatorrents.com\/es\/wp-json\/wp\/v2\/media?parent=121503"}],"curies":[{"name":"wp","href":"https:\/\/api.w.org\/{rel}","templated":true}]}}